{"id":501,"date":"2024-01-23T04:40:37","date_gmt":"2024-01-23T03:40:37","guid":{"rendered":"https:\/\/gariamexico.com.mx\/?page_id=501"},"modified":"2024-01-23T05:20:18","modified_gmt":"2024-01-23T04:20:18","slug":"aviso-de-privacidad","status":"publish","type":"page","link":"https:\/\/gariamexico.com.mx\/index.php\/aviso-de-privacidad\/","title":{"rendered":"Aviso de Privacidad"},"content":{"rendered":"\n<p class=\"has-text-align-center\" style=\"font-size:12px\"><strong>MOTOGOLF SA DE CV<\/strong><br><br>El presente Aviso de Privacidad se emite en cumplimiento de lo dispuesto en los art\u00edculos 8, 15, 16, 33 y 33 de la Ley Federal de Protecci\u00f3n de Datos Personales en Posesi\u00f3n de los Particulares (LFPDPPP); 23, 24, 26, 27 del Reglamento de la LFPDPPP, as\u00ed como de los Lineamientos del Aviso de privacidad.<\/p>\n\n\n\n<p class=\"has-text-align-center\" style=\"font-size:12px\"><br>As\u00ed, MOTOGOLF SA DE CV., tiene el compromiso jur\u00eddico-legal y social de cumplir con el marco<br>normativo en materia de protecci\u00f3n de datos personales con el objeto de que usted tenga el<br>conocimiento, control y decisi\u00f3n sobre ellos e identifique las finalidades por las cuales se recaban en que en el presente Aviso de Privacidad se describir\u00e1n.<\/p>\n\n\n\n<p class=\"has-text-align-center\" style=\"font-size:12px\"><br>En ese sentido MOTOGOLF SA DE CV. es el responsable del tratamiento, uso y protecci\u00f3n de<br>sus datos personales, asimismo, se le comunica que MOTOGOLF SA DE CV es una empresa<br>debidamente constituida de conformidad con el orden jur\u00eddico mexicano vigente, con domicilio en Avenida Canal de Miramontes 120, Col. Residencial Acoxpa, CP. 1430, CDMX.<\/p>\n\n\n\n<p class=\"has-text-align-center\" style=\"font-size:12px\"><br>Asimismo, se le comunica que MOTOGOLF SA DE CV recabar\u00e1 de usted los datos personales necesarios para la adecuada prestaci\u00f3n de nuestros servicios, cuyo procedimiento puede ser de manera personal, directo o indirecta a trav\u00e9s de nuestras redes sociales. Mencionados datos podr\u00e1n incluir todos o algunos de los siguientes:<br>\u25cf Datos de identificaci\u00f3n: Nombre completo, domicilio, correo electr\u00f3nico, tel\u00e9fonos de casa, de<br>trabajo, n\u00famero de celular, Registro Federal de Contribuyentes (RFC), Clave \u00danica de<br>Registro Poblacional (CURP), lugar y fecha de nacimiento, edad.<br>\u25cf Datos laborales: Ocupaci\u00f3n, nombre de la empresa, instituci\u00f3n o dependencia, puesto, \u00e1rea o<br>departamento, domicilio, tel\u00e9fono, correo electr\u00f3nico de trabajo, referencias laborales y referencias personales, giro de la empresa, instituci\u00f3n o dependencia.<br>\u25cf Datos Financieros: N\u00famero de cuenta bancaria, domicilio fiscal, n\u00famero de tarjeta de cr\u00e9dito, fecha<br>de vencimiento, que usted utilice para realizar alguna compra, renta de nuestros productos, al<br>proporcionar estos datos usted reconoce que est\u00e1 otorgando su consentimiento expreso para el tratamiento de estos datos.<br>\u25cf Datos Sensibles, de conformidad con el art\u00edculo 3, fracci\u00f3n VI de la LFPDPPP, son aquellos datos personales que afecten a la esfera m\u00e1s \u00edntima de su titular, o cuya utilizaci\u00f3n indebida pueda dar origen a discriminaci\u00f3n o conlleve un riesgo grave para \u00e9ste. En particular, se consideran sensibles aquellos que puedan revelar aspectos como origen racial o \u00e9tnico, estado de salud presente y futuro, informaci\u00f3n gen\u00e9tica, creencias religiosas, filos\u00f3ficas y morales, afiliaci\u00f3n sindical, opiniones pol\u00edticas, preferencia sexual.<\/p>\n\n\n\n<p class=\"has-text-align-center\" style=\"font-size:12px\"><br>Por otra parte, le comunicamos que tiene derecho a conocer qu\u00e9 datos personales recolectamos de<br>usted, para qu\u00e9 los utilizamos y las condiciones del uso que les damos (Acceso). Asimismo, es su<br>derecho solicitar la correcci\u00f3n de su informaci\u00f3n personal en caso de que est\u00e9 desactualizada, sea<br>inexacta o incompleta (Rectificaci\u00f3n); que la eliminemos de nuestros registros o bases de datos<br>cuando considere que la misma no est\u00e1 siendo utilizada adecuadamente (Cancelaci\u00f3n); as\u00ed como<br>oponerse al uso de sus datos personales para fines espec\u00edficos (Oposici\u00f3n). Estos derechos se conocen como derechos ARCO.<br>Para el ejercicio de cualquiera de los derechos ARCO, usted deber\u00e1 presentar la solicitud respectiva a trav\u00e9s del siguiente medio:<br>Enviar un correo a: clubcarmotogolf@clubcarmotogolfmexico.com.mx para atender su solicitud<br>Con relaci\u00f3n al procedimiento y requisitos para el ejercicio de sus derechos ARCO, le<br>informamos:<br>a) \u00bfA trav\u00e9s de qu\u00e9 medios pueden acreditar su identidad el titular y, en su caso, su<br>representante, as\u00ed como la personalidad de este \u00faltimo?<br>Enviar un correo a: clubcarmotogolf@clubcarmotogolfmexico.com.mx para atender su solicitud.<br>b) \u00bfQu\u00e9 informaci\u00f3n y\/o documentaci\u00f3n deber\u00e1 contener la solicitud?<br>Identificaci\u00f3n oficial con fotograf\u00eda escaneada o fotografiada.<br>c) \u00bfEn cu\u00e1ntos d\u00edas le daremos respuesta a su solicitud?<br>Sesenta (60) d\u00edas naturales.<br>d) \u00bfPor qu\u00e9 medio le comunicaremos la respuesta a su solicitud?<br>Al correo electr\u00f3nico proporcionado.<\/p>\n\n\n\n<p class=\"has-text-align-center\" style=\"font-size:12px\"><br>Usted puede revocar el consentimiento que, en su caso, nos haya otorgado para el tratamiento de<br>sus datos personales. Sin embargo, es importante que tenga en cuenta que no en todos los casos<br>podremos atender su solicitud o concluir el uso de forma inmediata, ya que es posible que por alguna obligaci\u00f3n legal requiramos seguir tratando sus datos personales.<\/p>\n\n\n\n<p class=\"has-text-align-center\" style=\"font-size:12px\"><br>Asimismo, usted deber\u00e1 considerar que para ciertos fines, la revocaci\u00f3n de su consentimiento<br>implicar\u00e1 que no le podamos seguir prestando el servicio que nos solicit\u00f3, o la conclusi\u00f3n de su relaci\u00f3n con nosotros.<br>Para revocar su consentimiento deber\u00e1 presentar su solicitud a trav\u00e9s del siguiente medio:<br>clubcarmotogolf@clubcarmotogolfmexico.com.mx<br>Con relaci\u00f3n al procedimiento y requisitos para la revocaci\u00f3n de su consentimiento, le<br>informamos:<br>a) \u00bfA trav\u00e9s de qu\u00e9 medios pueden acreditar su identidad el titular y, en su caso, su<br>representante, as\u00ed como la personalidad de este \u00faltimo?<br>Correo electr\u00f3nico.<br>b) \u00bfQu\u00e9 informaci\u00f3n y\/o documentaci\u00f3n deber\u00e1 contener la solicitud?<br>Oficio libre de solicitud de revocaci\u00f3n y escaneo de identificaci\u00f3n oficial.<br>c) \u00bfEn cu\u00e1ntos d\u00edas le daremos respuesta a su solicitud?<br>Sesenta (60) naturales.<br>d) \u00bfPor qu\u00e9 medio le comunicaremos la respuesta a su solicitud?<br>Correo electr\u00f3nico.<br>e) Para mayor informaci\u00f3n sobre el procedimiento, ponemos a disposici\u00f3n los siguientes medios:<br>clubcarmotogolf@clubcarmotogolfmexico.com.mx<\/p>\n\n\n\n<p class=\"has-text-align-center\" style=\"font-size:12px\"><br>\u00bfC\u00f3mo puede limitar el uso o divulgaci\u00f3n de su informaci\u00f3n personal?<br>Con objeto de que usted pueda limitar el uso y divulgaci\u00f3n de su informaci\u00f3n personal, le<br>ofrecemos los siguientes medios:clubcarmotogolf@clubcarmotogolfmexico.com.mx<\/p>\n\n\n\n<p class=\"has-text-align-center\" style=\"font-size:12px\"><br>El presente aviso de privacidad puede sufrir modificaciones, cambios o actualizaciones derivadas de<br>nuevos requerimientos legales; de nuestras propias necesidades por los productos o servicios que<br>ofrecemos; de nuestras pr\u00e1cticas de privacidad; de cambios en nuestro modelo de negocio, o por otras causas.<\/p>\n\n\n\n<p class=\"has-text-align-center\" style=\"font-size:12px\"><br>Nos comprometemos a mantenerlo informado sobre los cambios que pueda sufrir el presente aviso de privacidad, a trav\u00e9s de nuestras redes sociales.<\/p>\n\n\n\n<p class=\"has-text-align-center\" style=\"font-size:12px\"><br>El procedimiento a trav\u00e9s del cual se llevar\u00e1n a cabo las notificaciones sobre cambios o<br>actualizaciones al presente aviso de privacidad es el siguiente:<\/p>\n\n\n\n<p class=\"has-text-align-center\" style=\"font-size:12px\"><br>Banner o anuncio en sitio web<br><strong>\u00daltima Actualizaci\u00f3n: 1\/ENERO\/2024<\/strong><\/p>\n","protected":false},"excerpt":{"rendered":"<p>MOTOGOLF SA DE CV El presente Aviso de Privacidad se emite en cumplimiento de lo dispuesto en los art\u00edculos 8,&#8230;<\/p>\n","protected":false},"author":1,"featured_media":0,"parent":0,"menu_order":0,"comment_status":"closed","ping_status":"closed","template":"","meta":{"ngg_post_thumbnail":0,"footnotes":""},"_links":{"self":[{"href":"https:\/\/gariamexico.com.mx\/index.php\/wp-json\/wp\/v2\/pages\/501"}],"collection":[{"href":"https:\/\/gariamexico.com.mx\/index.php\/wp-json\/wp\/v2\/pages"}],"about":[{"href":"https:\/\/gariamexico.com.mx\/index.php\/wp-json\/wp\/v2\/types\/page"}],"author":[{"embeddable":true,"href":"https:\/\/gariamexico.com.mx\/index.php\/wp-json\/wp\/v2\/users\/1"}],"replies":[{"embeddable":true,"href":"https:\/\/gariamexico.com.mx\/index.php\/wp-json\/wp\/v2\/comments?post=501"}],"version-history":[{"count":10,"href":"https:\/\/gariamexico.com.mx\/index.php\/wp-json\/wp\/v2\/pages\/501\/revisions"}],"predecessor-version":[{"id":523,"href":"https:\/\/gariamexico.com.mx\/index.php\/wp-json\/wp\/v2\/pages\/501\/revisions\/523"}],"wp:attachment":[{"href":"https:\/\/gariamexico.com.mx\/index.php\/wp-json\/wp\/v2\/media?parent=501"}],"curies":[{"name":"wp","href":"https:\/\/api.w.org\/{rel}","templated":true}]}}