{"id":129,"date":"2023-09-26T03:21:50","date_gmt":"2023-09-26T01:21:50","guid":{"rendered":"https:\/\/gariamexico.com.mx\/?page_id=129"},"modified":"2023-10-31T06:15:09","modified_gmt":"2023-10-31T05:15:09","slug":"en-accion","status":"publish","type":"page","link":"https:\/\/gariamexico.com.mx\/index.php\/en-accion\/","title":{"rendered":"EN ACCI\u00d3N"},"content":{"rendered":"\n<div class=\"wp-block-group is-layout-constrained wp-block-group-is-layout-constrained\"><div class=\"wp-block-group__inner-container\">\n<figure class=\"wp-block-video alignfull\"><video autoplay controls loop muted src=\"https:\/\/gariamexico.com.mx\/wp-content\/uploads\/2023\/09\/Garia-Golf-and-Leisure-Cars-1.mp4\" playsinline><\/video><\/figure>\n\n\n\n<div style=\"height:55px\" aria-hidden=\"true\" class=\"wp-block-spacer\"><\/div>\n\n\n\n<p class=\"has-text-align-center has-woostify-heading-2-font-size\"><strong>EN ACCI\u00d3N<\/strong><\/p>\n\n\n\n<div style=\"height:55px\" aria-hidden=\"true\" class=\"wp-block-spacer\"><\/div>\n\n\n\n<p class=\"has-text-align-center\">Inspirado en el dise\u00f1o dan\u00e9s y la pasi\u00f3n por los autom\u00f3viles. A Garia unifica la comodidad de un coche de golf y de ocio con una atenci\u00f3n inigualable al lujo, la calidad y la est\u00e9tica. Obtenga una visi\u00f3n aut\u00e9ntica de qui\u00e9nes somos y qu\u00e9 est\u00e1n haciendo los clientes con sus Garias.<\/p>\n\n\n\n<div style=\"height:55px\" aria-hidden=\"true\" class=\"wp-block-spacer\"><\/div>\n\n\n\n<div class=\"wp-block-columns is-layout-flex wp-container-3 wp-block-columns-is-layout-flex\">\n<div class=\"wp-block-column is-vertically-aligned-center is-layout-flow wp-block-column-is-layout-flow\">\n<div style=\"height:60px\" aria-hidden=\"true\" class=\"wp-block-spacer\"><\/div>\n\n\n<div class=\"wp-block-image\">\n<figure class=\"alignleft size-large is-resized\"><img decoding=\"async\" loading=\"lazy\" src=\"https:\/\/gariamexico.com.mx\/wp-content\/uploads\/2023\/09\/cars-in-action-terre-blanche-13-1024x683.jpg\" alt=\"\" class=\"wp-image-88\" style=\"object-fit:contain;width:595px;height:397px\" width=\"595\" height=\"397\" srcset=\"https:\/\/gariamexico.com.mx\/wp-content\/uploads\/2023\/09\/cars-in-action-terre-blanche-13-1024x683.jpg 1024w, https:\/\/gariamexico.com.mx\/wp-content\/uploads\/2023\/09\/cars-in-action-terre-blanche-13-300x200.jpg 300w, https:\/\/gariamexico.com.mx\/wp-content\/uploads\/2023\/09\/cars-in-action-terre-blanche-13-768x512.jpg 768w, https:\/\/gariamexico.com.mx\/wp-content\/uploads\/2023\/09\/cars-in-action-terre-blanche-13.jpg 1200w\" sizes=\"(max-width: 595px) 100vw, 595px\" \/><\/figure><\/div>\n\n\n<p class=\"has-text-align-center\"><strong>GARIA ON TERRE BLANCHE: EXPERIMENTE LA DEFINICI\u00d3N DE LUJO EN EL CAMPO DE GOLF.<\/strong><\/p>\n\n\n\n<p class=\"has-text-align-center\">Conozca la historia de la visita de Garia a Francia y vea c\u00f3mo la elegancia se une al deporte en este extraordinario terreno.<\/p>\n\n\n\n<div style=\"height:60px\" aria-hidden=\"true\" class=\"wp-block-spacer\"><\/div>\n\n\n\n<div class=\"wp-block-media-text is-stacked-on-mobile is-vertically-aligned-center\"><figure class=\"wp-block-media-text__media\"><img decoding=\"async\" loading=\"lazy\" width=\"600\" height=\"523\" src=\"https:\/\/gariamexico.com.mx\/wp-content\/uploads\/2023\/09\/IMG-1829-zz.jpg\" alt=\"\" class=\"wp-image-258 size-full\" srcset=\"https:\/\/gariamexico.com.mx\/wp-content\/uploads\/2023\/09\/IMG-1829-zz.jpg 600w, https:\/\/gariamexico.com.mx\/wp-content\/uploads\/2023\/09\/IMG-1829-zz-300x262.jpg 300w\" sizes=\"(max-width: 600px) 100vw, 600px\" \/><\/figure><div class=\"wp-block-media-text__content\">\n<p class=\"has-text-align-center\" style=\"text-transform:uppercase\"><strong>El prisma Garia Mansory es una edici\u00f3n especial de Garia \u00fanica en su tipo.<\/strong><\/p>\n\n\n\n<p class=\"has-text-align-center\">El prisma Garia Mansory es una edici\u00f3n especial de Garia \u00fanica en su tipo. Con paneles de carrocer\u00eda cromados e interruptores de aluminio, es uno de los carritos de golf m\u00e1s r\u00e1pidos jam\u00e1s fabricados.<\/p>\n<\/div><\/div>\n\n\n\n<div style=\"height:60px\" aria-hidden=\"true\" class=\"wp-block-spacer\"><\/div>\n\n\n\n<div class=\"wp-block-media-text is-stacked-on-mobile is-vertically-aligned-center\"><figure class=\"wp-block-media-text__media\"><img decoding=\"async\" loading=\"lazy\" width=\"600\" height=\"523\" src=\"https:\/\/gariamexico.com.mx\/wp-content\/uploads\/2023\/09\/lithium-battery-for-golf-buggies-.webp\" alt=\"\" class=\"wp-image-266 size-full\" srcset=\"https:\/\/gariamexico.com.mx\/wp-content\/uploads\/2023\/09\/lithium-battery-for-golf-buggies-.webp 600w, https:\/\/gariamexico.com.mx\/wp-content\/uploads\/2023\/09\/lithium-battery-for-golf-buggies--300x262.webp 300w\" sizes=\"(max-width: 600px) 100vw, 600px\" \/><\/figure><div class=\"wp-block-media-text__content\">\n<p class=\"has-text-align-center\" style=\"text-transform:uppercase\"><strong>\u00bfCu\u00e1l es la mejor opci\u00f3n de bater\u00eda para un&nbsp;carro&nbsp;de&nbsp;golf&nbsp;?<\/strong><\/p>\n\n\n\n<p class=\"has-text-align-center\">Cuando se trata de carros de golf el\u00e9ctricos, es importante comprender las principales diferencias entre las bater\u00edas de plomo-\u00e1cido y las de litio antes de actualizar o comprar un carro de golf nuevo.&nbsp;<\/p>\n<\/div><\/div>\n\n\n\n<div style=\"height:60px\" aria-hidden=\"true\" class=\"wp-block-spacer\"><\/div>\n\n\n\n<div class=\"wp-block-media-text is-stacked-on-mobile is-vertically-aligned-center\"><figure class=\"wp-block-media-text__media\"><img decoding=\"async\" loading=\"lazy\" width=\"600\" height=\"523\" src=\"https:\/\/gariamexico.com.mx\/wp-content\/uploads\/2023\/09\/cars-in-action-mansory-article-image.jpg\" alt=\"\" class=\"wp-image-270 size-full\" srcset=\"https:\/\/gariamexico.com.mx\/wp-content\/uploads\/2023\/09\/cars-in-action-mansory-article-image.jpg 600w, https:\/\/gariamexico.com.mx\/wp-content\/uploads\/2023\/09\/cars-in-action-mansory-article-image-300x262.jpg 300w\" sizes=\"(max-width: 600px) 100vw, 600px\" \/><\/figure><div class=\"wp-block-media-text__content\">\n<p class=\"has-text-align-center\" style=\"text-transform:uppercase\"><strong>Los CARROS de golf Garia ofrecen interiores personalizados y afinados por el legendario Mansory<\/strong><\/p>\n\n\n\n<p class=\"has-text-align-center\">Garia siempre ha producido lujosos carritos de golf; Surge una asociaci\u00f3n con el brit\u00e1nico Tuner Mansory para brindar a los clientes de Garia la posibilidad de realzar la belleza y la calidad de sus veh\u00edculos con elegantes detalles en carbono.<\/p>\n<\/div><\/div>\n\n\n\n<div style=\"height:60px\" aria-hidden=\"true\" class=\"wp-block-spacer\"><\/div>\n\n\n\n<div class=\"wp-block-media-text is-stacked-on-mobile is-vertically-aligned-center\"><figure class=\"wp-block-media-text__media\"><img decoding=\"async\" loading=\"lazy\" width=\"600\" height=\"523\" src=\"https:\/\/gariamexico.com.mx\/wp-content\/uploads\/2023\/09\/cars-in-action-bubba-watson-article-image.jpg\" alt=\"\" class=\"wp-image-276 size-full\" srcset=\"https:\/\/gariamexico.com.mx\/wp-content\/uploads\/2023\/09\/cars-in-action-bubba-watson-article-image.jpg 600w, https:\/\/gariamexico.com.mx\/wp-content\/uploads\/2023\/09\/cars-in-action-bubba-watson-article-image-300x262.jpg 300w\" sizes=\"(max-width: 600px) 100vw, 600px\" \/><\/figure><div class=\"wp-block-media-text__content\">\n<p class=\"has-text-align-center\" style=\"text-transform:uppercase\"><strong>Garia es el veh\u00edculo elegido por Bubba Watson<\/strong><\/p>\n\n\n\n<p class=\"has-text-align-center\">Un golfista nato que nunca recibi\u00f3 una lecci\u00f3n aparte de la introducci\u00f3n del juego por parte de su padre a la edad de 6 a\u00f1os, su personalidad golfista poco convencional encaja perfectamente con el estilo inconformista del carro de golf Garia.<\/p>\n<\/div><\/div>\n<\/div>\n\n\n\n<div class=\"wp-block-column is-layout-flow wp-block-column-is-layout-flow\">\n<div class=\"wp-block-media-text is-stacked-on-mobile is-vertically-aligned-center\"><figure class=\"wp-block-media-text__media\"><img decoding=\"async\" loading=\"lazy\" width=\"600\" height=\"523\" src=\"https:\/\/gariamexico.com.mx\/wp-content\/uploads\/2023\/09\/RB-20230119-2335.jpg\" alt=\"\" class=\"wp-image-83 size-full\" srcset=\"https:\/\/gariamexico.com.mx\/wp-content\/uploads\/2023\/09\/RB-20230119-2335.jpg 600w, https:\/\/gariamexico.com.mx\/wp-content\/uploads\/2023\/09\/RB-20230119-2335-300x262.jpg 300w\" sizes=\"(max-width: 600px) 100vw, 600px\" \/><\/figure><div class=\"wp-block-media-text__content\">\n<p class=\"has-text-align-center\"><strong>LOS OITAVOS DONDE EL LUJO SE ENCUENTRA CON LA NATURALEZA<\/strong><\/p>\n\n\n\n<p class=\"has-text-align-center\">Garia Luxury Golf cars recientemente tuvo el placer de exhibir nuestros autos de golf de lujo durante una sesi\u00f3n de fotos en The Oitavos.<\/p>\n<\/div><\/div>\n\n\n\n<div style=\"height:30px\" aria-hidden=\"true\" class=\"wp-block-spacer\"><\/div>\n\n\n\n<div class=\"wp-block-media-text is-stacked-on-mobile is-vertically-aligned-center\"><figure class=\"wp-block-media-text__media\"><img decoding=\"async\" loading=\"lazy\" width=\"600\" height=\"523\" src=\"https:\/\/gariamexico.com.mx\/wp-content\/uploads\/2023\/09\/RB-20221116-0994-Edit.jpg\" alt=\"\" class=\"wp-image-86 size-full\" srcset=\"https:\/\/gariamexico.com.mx\/wp-content\/uploads\/2023\/09\/RB-20221116-0994-Edit.jpg 600w, https:\/\/gariamexico.com.mx\/wp-content\/uploads\/2023\/09\/RB-20221116-0994-Edit-300x262.jpg 300w\" sizes=\"(max-width: 600px) 100vw, 600px\" \/><\/figure><div class=\"wp-block-media-text__content\">\n<p class=\"has-text-align-center\"><strong>UN CARRO DE GOLF SACADO DE LA F\u00c1BRICA<\/strong><\/p>\n\n\n\n<p class=\"has-text-align-center\">Lleve su aventura  a donde se requiera, ya sea en el campo o en la calle a nuevas alturas con el \u00fanico carro de golf de lujo sacado de f\u00e1brica.<\/p>\n<\/div><\/div>\n\n\n\n<div style=\"height:30px\" aria-hidden=\"true\" class=\"wp-block-spacer\"><\/div>\n\n\n\n<div class=\"wp-block-media-text is-stacked-on-mobile is-vertically-aligned-center\"><figure class=\"wp-block-media-text__media\"><img decoding=\"async\" loading=\"lazy\" width=\"600\" height=\"523\" src=\"https:\/\/gariamexico.com.mx\/wp-content\/uploads\/2023\/09\/RB-20221115-0748-Edit.jpg\" alt=\"\" class=\"wp-image-87 size-full\" srcset=\"https:\/\/gariamexico.com.mx\/wp-content\/uploads\/2023\/09\/RB-20221115-0748-Edit.jpg 600w, https:\/\/gariamexico.com.mx\/wp-content\/uploads\/2023\/09\/RB-20221115-0748-Edit-300x262.jpg 300w\" sizes=\"(max-width: 600px) 100vw, 600px\" \/><\/figure><div class=\"wp-block-media-text__content\">\n<p class=\"has-text-align-center\"><strong>CONDUCE UN GARIA A CASA EN 2023<\/strong><\/p>\n\n\n\n<p class=\"has-text-align-center\">Veh\u00edculos preconfigurados de Garia disponibles para entrega inmediata en M\u00e9xico.<\/p>\n<\/div><\/div>\n\n\n\n<div style=\"height:30px\" aria-hidden=\"true\" class=\"wp-block-spacer\"><\/div>\n\n\n\n<div class=\"wp-block-media-text is-stacked-on-mobile is-vertically-aligned-center\"><figure class=\"wp-block-media-text__media\"><img decoding=\"async\" loading=\"lazy\" width=\"320\" height=\"279\" src=\"https:\/\/gariamexico.com.mx\/wp-content\/uploads\/2023\/09\/IMG-1431-aa-aly.jpg\" alt=\"\" class=\"wp-image-254 size-full\" srcset=\"https:\/\/gariamexico.com.mx\/wp-content\/uploads\/2023\/09\/IMG-1431-aa-aly.jpg 320w, https:\/\/gariamexico.com.mx\/wp-content\/uploads\/2023\/09\/IMG-1431-aa-aly-300x262.jpg 300w\" sizes=\"(max-width: 320px) 100vw, 320px\" \/><\/figure><div class=\"wp-block-media-text__content\">\n<p class=\"has-text-align-center\"><strong>NUEVO OFF-X LIFTED<\/strong><\/p>\n\n\n\n<p class=\"has-text-align-center\">Nuevo Garia OFF-X chasis elevado. El mismo lujo, aspecto m\u00e1s resistente.<\/p>\n<\/div><\/div>\n\n\n\n<div style=\"height:30px\" aria-hidden=\"true\" class=\"wp-block-spacer\"><\/div>\n\n\n\n<div class=\"wp-block-media-text is-stacked-on-mobile is-vertically-aligned-center\"><figure class=\"wp-block-media-text__media\"><img decoding=\"async\" loading=\"lazy\" width=\"600\" height=\"523\" src=\"https:\/\/gariamexico.com.mx\/wp-content\/uploads\/2023\/09\/cars-in-action-lago-article-image.jpg\" alt=\"\" class=\"wp-image-255 size-full\" srcset=\"https:\/\/gariamexico.com.mx\/wp-content\/uploads\/2023\/09\/cars-in-action-lago-article-image.jpg 600w, https:\/\/gariamexico.com.mx\/wp-content\/uploads\/2023\/09\/cars-in-action-lago-article-image-300x262.jpg 300w\" sizes=\"(max-width: 600px) 100vw, 600px\" \/><\/figure><div class=\"wp-block-media-text__content\">\n<p class=\"has-text-align-center\"><strong>GARIA GOLF CAR EN QUINTA DO LAGO<\/strong><\/p>\n\n\n\n<p class=\"has-text-align-center\">Quinta do Lago: con tres impresionantes campos de golf y mucho m\u00e1s, incluidas actividades para entretener a toda la familia.<\/p>\n<\/div><\/div>\n\n\n\n<div style=\"height:30px\" aria-hidden=\"true\" class=\"wp-block-spacer\"><\/div>\n\n\n\n<div class=\"wp-block-media-text is-stacked-on-mobile is-vertically-aligned-center\"><figure class=\"wp-block-media-text__media\"><img decoding=\"async\" loading=\"lazy\" width=\"600\" height=\"523\" src=\"https:\/\/gariamexico.com.mx\/wp-content\/uploads\/2023\/09\/cars-in-action-ryan-hunter-article-image.jpg\" alt=\"\" class=\"wp-image-272 size-full\" srcset=\"https:\/\/gariamexico.com.mx\/wp-content\/uploads\/2023\/09\/cars-in-action-ryan-hunter-article-image.jpg 600w, https:\/\/gariamexico.com.mx\/wp-content\/uploads\/2023\/09\/cars-in-action-ryan-hunter-article-image-300x262.jpg 300w\" sizes=\"(max-width: 600px) 100vw, 600px\" \/><\/figure><div class=\"wp-block-media-text__content\">\n<p class=\"has-text-align-center\" style=\"text-transform:uppercase\"><strong>Ryan Hunter-Reay, dice: la seguridad es primordial para m\u00ed<\/strong><\/p>\n\n\n\n<p class=\"has-text-align-center\">El campe\u00f3n de IndyCar, Ryan Hunter-Reay, considera que la seguridad es la caracter\u00edstica m\u00e1s importante al invertir en un carrito de golf.<\/p>\n\n\n\n<p class=\"has-text-align-center\">\u00abLa seguridad combinada con la ventaja de un auto deportivo y una excelente artesan\u00eda hacen del Garia el auto Golf perfecto para m\u00ed\u00bb.<\/p>\n<\/div><\/div>\n\n\n\n<div style=\"height:30px\" aria-hidden=\"true\" class=\"wp-block-spacer\"><\/div>\n\n\n\n<div class=\"wp-block-media-text is-stacked-on-mobile is-vertically-aligned-center\"><figure class=\"wp-block-media-text__media\"><img decoding=\"async\" loading=\"lazy\" width=\"600\" height=\"523\" src=\"https:\/\/gariamexico.com.mx\/wp-content\/uploads\/2023\/09\/cars-in-action-carbon-article-image.jpg\" alt=\"\" class=\"wp-image-278 size-full\" srcset=\"https:\/\/gariamexico.com.mx\/wp-content\/uploads\/2023\/09\/cars-in-action-carbon-article-image.jpg 600w, https:\/\/gariamexico.com.mx\/wp-content\/uploads\/2023\/09\/cars-in-action-carbon-article-image-300x262.jpg 300w\" sizes=\"(max-width: 600px) 100vw, 600px\" \/><\/figure><div class=\"wp-block-media-text__content\">\n<p class=\"has-text-align-center\" style=\"text-transform:uppercase\"><strong>Los CARROS de golf Garia con elementos de fibra de carbono ofrecen un dise\u00f1o atemporal, sofisticado y funcional<\/strong><\/p>\n\n\n\n<p class=\"has-text-align-center\">Los carritos de golf con detalles en carbono no s\u00f3lo son lujosos y funcionales. Los accesorios de carbono crean la personalizaci\u00f3n perfecta para su Garia Golf Car.<\/p>\n<\/div><\/div>\n<\/div>\n<\/div>\n\n\n\n<div style=\"height:55px\" aria-hidden=\"true\" class=\"wp-block-spacer\"><\/div>\n<\/div><\/div>\n\n\n\n<div id=\"whats5\" class=\"whats5\" style=\"color:#FFFFFF;\">\n<link rel=\"stylesheet\" href=\"https:\/\/maxcdn.bootstrapcdn.com\/font-awesome\/4.5.0\/css\/font-awesome.min.css\">\n<a href=\"https:\/\/api.whatsapp.com\/send?phone=525560643293&#038;text=Hola%21%20Teresa quisiera%20m%C3%A1s%20informaci%C3%B3n%20sobre%20GARIA M\u00e9xico%20.\" class=\"float\" target=\"_blank\" rel=\"noopener\">\n<i class=\"fa fa-whatsapp my-float\"><\/i> <div id=\"letra\" class=\"letra\" > CDMX <\/div>\n<\/a>\n<style>\n.letra{\n      color: red;\n      font-size: 14px;\nfont-weight: bold;  \n}\n.whats5{\n.float{\n\tposition:fixed;\n\twidth:60px;\n\theight:60px;\n\tbottom:70px; \n\tright:5px;\n\tbackground-color:#25d366;\n\tcolor:#FFFFFF;\n\tborder-radius:50px;\n\ttext-align:center;\n  font-size:30px;\n\tbox-shadow: 2px 2px 3px #999;\n  z-index:100;\n}\n.float:hover {\n\ttext-decoration: none;\n\tcolor: #25d366;\n  background-color:#FFFFFF;\n}\n\n.my-float{\n\tmargin-top:16px;\n}\n}\n<\/style>\n<\/div>\n\n\n<div id=\"whats6\" class=\"whats6\" style=\"color:#FFFFFF;\">\n<link rel=\"stylesheet\" href=\"https:\/\/maxcdn.bootstrapcdn.com\/font-awesome\/4.5.0\/css\/font-awesome.min.css\">\n<a href=\"https:\/\/api.whatsapp.com\/send?phone=525540310527&#038;text=Hola%21%20Rosario quisiera%20m%C3%A1s%20informaci%C3%B3n%20sobre%20GARIA M\u00e9xico%20.\" class=\"float\" target=\"_blank\" rel=\"noopener\">\n<i class=\"fa fa-whatsapp my-float\"><\/i> <div id=\"letra\" class=\"letra\" > CDMX <\/div>\n<\/a>\n<style>\n.letra{\n      color: red;\n      font-size: 14px;\nfont-weight: bold;  \n}\n.whats6{\n.float{\n\tposition:fixed;\n\twidth:60px;\n\theight:60px;\n\tbottom:140px; \n\tright:5px;\n\tbackground-color:#25d366;\n\tcolor:#FFFFFF;\n\tborder-radius:50px;\n\ttext-align:center;\n  font-size:30px;\n\tbox-shadow: 2px 2px 3px #999;\n  z-index:100;\n}\n.float:hover {\n\ttext-decoration: none;\n\tcolor: #25d366;\n  background-color:#FFFFFF;\n}\n\n.my-float{\n\tmargin-top:16px;\n}\n}\n<\/style>\n<\/div>\n\n\n\n<div class=\"wp-block-group alignfull has-woostify-text-background-color has-background is-layout-constrained wp-block-group-is-layout-constrained\"><div class=\"wp-block-group__inner-container\">\n<p class=\"has-text-align-center has-text-color\" style=\"color:#ffffff;font-size:40px\"><strong>CONTACTO<\/strong><\/p>\n\n\n\n<div style=\"height:33px\" aria-hidden=\"true\" class=\"wp-block-spacer\"><\/div>\n\n\n\n<div class=\"wp-block-columns are-vertically-aligned-center is-layout-flex wp-container-7 wp-block-columns-is-layout-flex\">\n<div class=\"wp-block-column is-vertically-aligned-center is-layout-flow wp-block-column-is-layout-flow\"><div class=\"wp-block-image\">\n<figure class=\"aligncenter size-large is-resized\"><img decoding=\"async\" loading=\"lazy\" src=\"https:\/\/gariamexico.com.mx\/wp-content\/uploads\/2023\/09\/8b58456c-8634-478a-a15b-b40c1498be80-768x1024.jpeg\" alt=\"\" class=\"wp-image-57\" style=\"object-fit:contain;width:298px;height:398px\" width=\"298\" height=\"398\" srcset=\"https:\/\/gariamexico.com.mx\/wp-content\/uploads\/2023\/09\/8b58456c-8634-478a-a15b-b40c1498be80-768x1024.jpeg 768w, https:\/\/gariamexico.com.mx\/wp-content\/uploads\/2023\/09\/8b58456c-8634-478a-a15b-b40c1498be80-225x300.jpeg 225w, https:\/\/gariamexico.com.mx\/wp-content\/uploads\/2023\/09\/8b58456c-8634-478a-a15b-b40c1498be80-1152x1536.jpeg 1152w, https:\/\/gariamexico.com.mx\/wp-content\/uploads\/2023\/09\/8b58456c-8634-478a-a15b-b40c1498be80-1536x2048.jpeg 1536w, https:\/\/gariamexico.com.mx\/wp-content\/uploads\/2023\/09\/8b58456c-8634-478a-a15b-b40c1498be80-scaled.jpeg 1920w\" sizes=\"(max-width: 298px) 100vw, 298px\" \/><\/figure><\/div>\n\n\n<p class=\"has-text-align-center has-text-color\" style=\"color:#ffffff;font-size:29px\"><strong>Showroom Pedregal<\/strong><\/p>\n\n\n\n<p class=\"has-text-align-center has-text-color\" style=\"color:#ffffff;font-size:29px\"><a href=\"tel:5558487522\">\ud83d\udcde<strong>55 58487522<\/strong><\/a><\/p>\n\n\n\n<p class=\"has-text-align-center has-text-color\" style=\"color:#ffffff;font-size:29px\"><a href=\"tel:5544436016\">\ud83d\udcde<strong>55 4443 6016<\/strong><\/a><\/p>\n<\/div>\n\n\n\n<div class=\"wp-block-column is-vertically-aligned-center is-layout-flow wp-block-column-is-layout-flow\">\n<iframe src=\"https:\/\/www.google.com\/maps\/embed?pb=!1m14!1m8!1m3!1d15059.976972923912!2d-99.2127912!3d19.3260561!3m2!1i1024!2i768!4f13.1!3m3!1m2!1s0x85cdff2df34f5da9%3A0xb28d5f617dd5fa1!2sMotogolf%20pedregal!5e0!3m2!1ses-419!2smx!4v1693619657972!5m2!1ses-419!2smx\" width=\"600\" height=\"450\" style=\"border:0;\" allowfullscreen=\"\" loading=\"lazy\" referrerpolicy=\"no-referrer-when-downgrade\"><\/iframe>\n\n\n\n<p class=\"has-text-align-center has-text-color\" style=\"color:#ffffff\"><strong>Periferico Sur 3180B, Jardines del Pedregal, <\/strong><\/p>\n\n\n\n<p class=\"has-text-align-center has-text-color\" style=\"color:#ffffff\"><strong>\u00c1lvaro Obreg\u00f3n, 10200 Ciudad de M\u00e9xico, CDMX<\/strong><\/p>\n<\/div>\n<\/div>\n<\/div><\/div>\n","protected":false},"excerpt":{"rendered":"<p>EN ACCI\u00d3N Inspirado en el dise\u00f1o dan\u00e9s y la pasi\u00f3n por los autom\u00f3viles. A Garia unifica la comodidad de un&#8230;<\/p>\n","protected":false},"author":1,"featured_media":0,"parent":0,"menu_order":0,"comment_status":"closed","ping_status":"closed","template":"","meta":{"ngg_post_thumbnail":0,"footnotes":""},"_links":{"self":[{"href":"https:\/\/gariamexico.com.mx\/index.php\/wp-json\/wp\/v2\/pages\/129"}],"collection":[{"href":"https:\/\/gariamexico.com.mx\/index.php\/wp-json\/wp\/v2\/pages"}],"about":[{"href":"https:\/\/gariamexico.com.mx\/index.php\/wp-json\/wp\/v2\/types\/page"}],"author":[{"embeddable":true,"href":"https:\/\/gariamexico.com.mx\/index.php\/wp-json\/wp\/v2\/users\/1"}],"replies":[{"embeddable":true,"href":"https:\/\/gariamexico.com.mx\/index.php\/wp-json\/wp\/v2\/comments?post=129"}],"version-history":[{"count":42,"href":"https:\/\/gariamexico.com.mx\/index.php\/wp-json\/wp\/v2\/pages\/129\/revisions"}],"predecessor-version":[{"id":429,"href":"https:\/\/gariamexico.com.mx\/index.php\/wp-json\/wp\/v2\/pages\/129\/revisions\/429"}],"wp:attachment":[{"href":"https:\/\/gariamexico.com.mx\/index.php\/wp-json\/wp\/v2\/media?parent=129"}],"curies":[{"name":"wp","href":"https:\/\/api.w.org\/{rel}","templated":true}]}}